{"id":149,"date":"2018-11-07T20:07:26","date_gmt":"2018-11-07T20:07:26","guid":{"rendered":"http:\/\/www.pppaterna.com\/web\/?page_id=149"},"modified":"2018-11-11T11:23:21","modified_gmt":"2018-11-11T11:23:21","slug":"afiliate","status":"publish","type":"page","link":"https:\/\/www.pppaterna.com\/web\/index.php\/afiliate\/","title":{"rendered":"Af\u00edliate"},"content":{"rendered":"<section>\n<div class=\"txt_afiliate\">\n<div class=\"center_images\">\n<header class=\"page_title_grey adjustbig\">\n<h2>\u00bfPor qu\u00e9 afiliarse?<\/h2>\n<\/header>\n<\/div>\n<div class=\"center_images\">\n<section id=\"infonngg\" class=\"nnggcontent2\">\n<section class=\"fondo_afiliate\">\n<p class=\"txt_afi2\">Si te gusta la pol\u00edtica, sientes inter\u00e9s por participar en ella, te animamos\/invitamos a unirte a uno de los partidos con m\u00e1s afiliados de toda Europa para que aportes tus ideas y formes parte de nuestro proyecto pol\u00edtico.<\/p>\n<\/section>\n<article id=\"textonngg\">\n<section>\n<h2 class=\"txt_afiliate\">\u00bfQuieres afiliarte al Partido Popular?<\/h2>\n<p class=\"txt_afiliate\">Es f\u00e1cil. A la derecha encontrar\u00e1s las fichas de afiliaci\u00f3n y debajo unas sencillas instrucciones.<\/p>\n<\/section>\n<section class=\"caja_requisitos\">\n<h3 class=\"title_colabora\">Requisitos<\/h3>\n<ul class=\"txt_afiliate\">\n<li>Ser mayor de edad.<\/li>\n<li>Espa\u00f1ol y, en este caso, no militar en ning\u00fan otro partido, salvo los residentes en el extranjero que podr\u00e1n estar afiliados a partidos afines al Partido Popular.<\/li>\n<li>Ser ciudadano de alg\u00fan pa\u00eds de la Uni\u00f3n Europea. En este caso, puede simultanearse la militancia con partidos de su \u00e1mbito nacional, siempre que sean afines al Partido Popular.<\/li>\n<li>Conocer y asumir los Estatutos del partido as\u00ed como sus principios de actuaci\u00f3n.<\/li>\n<li>Cumplimentar la ficha de afiliado y presentarla en la sede del partido de tu residencia. La ficha debe estar avalada por dos afiliados.<\/li>\n<\/ul>\n<\/section>\n<section class=\"caja_opciones\">\n<h3 class=\"title_colabora\">Opciones<\/h3>\n<p class=\"txt_afiliate\">Los vigentes Estatutos del partido establecen una \u00fanica figura, la del afiliado, con dos modalidades:<\/p>\n<ul class=\"txt_afiliate\">\n<li>\u00a0 \u00a0 Militante, con obligaci\u00f3n de cuota.<\/li>\n<li>\u00a0 \u00a0 Simpatizante, sin obligaci\u00f3n de cuota.<\/li>\n<\/ul>\n<\/section>\n<\/article>\n<section class=\"pos_afi\">\n<section id=\"afiliacionnngg2\">\n<header><img decoding=\"async\" title=\"Ficha de residentes en Espa\u00f1a\" src=\"http:\/\/www.pp.es\/sites\/all\/themes\/partidopopular\/images\/ficha_azul.png\" alt=\"Icono ficha de residentes Espa\u00f1a\" \/>Residentes Espa\u00f1a<\/p>\n<\/header>\n<article class=\"bot\">Para los residentes en Espa\u00f1a mayores de 18 a\u00f1os.\u00a0<a style=\"background-color: #ffffff;\" title=\"Ver el documento PDF\" href=\"http:\/\/www.pp.es\/sites\/default\/files\/documentos\/AfiliacionPP.pdf\" target=\"_blank\" rel=\"noopener\">Militante (&gt;18)<\/a>\u00a0 \u00a0<a style=\"background-color: #ffffff;\" title=\"Ver el documento PDF\" href=\"http:\/\/www.pp.es\/sites\/default\/files\/documentos\/SimpatizantePP.pdf\" target=\"_blank\" rel=\"noopener\">Simpatizante (&gt;18)<\/a><\/p>\n<\/article>\n<\/section>\n<section id=\"afiliacionnngg2\">\n<header><img decoding=\"async\" title=\"Ficha de afiliaci\u00f3n a Nuevas Generaciones\" src=\"http:\/\/www.pp.es\/sites\/all\/themes\/partidopopular\/images\/ficha_verde.png\" alt=\"Icono ficha de afiliaci\u00f3n Nuevas Generaciones\" \/>Nuevas generaciones<\/p>\n<\/header>\n<article class=\"bot\">Quienes tengan entre 16 y 30 a\u00f1os, pueden afiliarse a trav\u00e9s de Nuevas Generaciones. No se alcanzar\u00e1 la plenitud de derechos hasta los 18.\u00a0<a title=\"Ver el documento PDF\" href=\"http:\/\/www.pp.es\/sites\/default\/files\/documentos\/AfiliacionNNGG.pdf\" target=\"_blank\" rel=\"noopener\">Militante (18 &#8211; 30)<\/a>\u00a0 \u00a0<a title=\"Ver el documento PDF\" href=\"http:\/\/www.pp.es\/sites\/default\/files\/documentos\/SimpatizanteNNGG.pdf\" target=\"_blank\" rel=\"noopener\">Simpatizante (16 &#8211; 18)<\/a><\/p>\n<\/article>\n<\/section>\n<section id=\"afiliacionnngg2\">\n<header><img decoding=\"async\" title=\"Ficha de afiliaci\u00f3n en el extranjero\" src=\"http:\/\/www.pp.es\/sites\/all\/themes\/partidopopular\/images\/ficha_naranja.png\" alt=\"Icono ficha de afiliaci\u00f3n en el extranjero\" \/>Residentes en el extranjero<\/p>\n<p>Para los espa\u00f1oles que residen fuera del territorio espa\u00f1ol, existe un modelo diferente a los anteriores. Ficha afiliaci\u00f3n con domicilio censal.\u00a0<a style=\"background-color: #ffffff;\" title=\"Ver el documento PDF\" href=\"http:\/\/www.pp.es\/sites\/default\/files\/documentos\/AfiliacionPPExterior.pdf\" target=\"_blank\" rel=\"noopener\">Partido Popular<\/a>\u00a0<a style=\"background-color: #ffffff;\" title=\"Ver el documento PDF\" href=\"http:\/\/www.pp.es\/sites\/default\/files\/documentos\/AfiliadosNNGG-Exterior.pdf\" target=\"_blank\" rel=\"noopener\">NNGG<\/a><\/p>\n<\/header>\n<\/section>\n<\/section>\n<\/section>\n<\/div>\n<\/div>\n<\/section>\n","protected":false},"excerpt":{"rendered":"<p>\u00bfPor qu\u00e9 afiliarse? Si te gusta la pol\u00edtica, sientes inter\u00e9s por participar en ella, te animamos\/invitamos a unirte a uno de los partidos con m\u00e1s afiliados de toda Europa para que aportes tus ideas y formes parte de nuestro proyecto pol\u00edtico. \u00bfQuieres afiliarte al Partido Popular? Es f\u00e1cil. A la derecha encontrar\u00e1s las fichas de [&hellip;]<\/p>\n","protected":false},"author":1,"featured_media":0,"parent":0,"menu_order":0,"comment_status":"closed","ping_status":"closed","template":"","meta":{"footnotes":""},"class_list":["post-149","page","type-page","status-publish","hentry"],"_links":{"self":[{"href":"https:\/\/www.pppaterna.com\/web\/index.php\/wp-json\/wp\/v2\/pages\/149","targetHints":{"allow":["GET"]}}],"collection":[{"href":"https:\/\/www.pppaterna.com\/web\/index.php\/wp-json\/wp\/v2\/pages"}],"about":[{"href":"https:\/\/www.pppaterna.com\/web\/index.php\/wp-json\/wp\/v2\/types\/page"}],"author":[{"embeddable":true,"href":"https:\/\/www.pppaterna.com\/web\/index.php\/wp-json\/wp\/v2\/users\/1"}],"replies":[{"embeddable":true,"href":"https:\/\/www.pppaterna.com\/web\/index.php\/wp-json\/wp\/v2\/comments?post=149"}],"version-history":[{"count":3,"href":"https:\/\/www.pppaterna.com\/web\/index.php\/wp-json\/wp\/v2\/pages\/149\/revisions"}],"predecessor-version":[{"id":231,"href":"https:\/\/www.pppaterna.com\/web\/index.php\/wp-json\/wp\/v2\/pages\/149\/revisions\/231"}],"wp:attachment":[{"href":"https:\/\/www.pppaterna.com\/web\/index.php\/wp-json\/wp\/v2\/media?parent=149"}],"curies":[{"name":"wp","href":"https:\/\/api.w.org\/{rel}","templated":true}]}}