{"id":159,"date":"2018-11-07T20:10:40","date_gmt":"2018-11-07T20:10:40","guid":{"rendered":"http:\/\/www.pppaterna.com\/web\/?page_id=159"},"modified":"2024-04-19T12:10:47","modified_gmt":"2024-04-19T10:10:47","slug":"lista-electoral","status":"publish","type":"page","link":"https:\/\/www.pppaterna.com\/web\/index.php\/lista-electoral\/","title":{"rendered":"Grupo Municipal"},"content":{"rendered":"\n<figure class=\"wp-block-image size-large\"><img loading=\"lazy\" decoding=\"async\" width=\"1024\" height=\"669\" src=\"https:\/\/www.pppaterna.com\/web\/wp-content\/uploads\/2024\/04\/Foto-GM-1024x669.jpg\" alt=\"\" class=\"wp-image-816\" srcset=\"https:\/\/www.pppaterna.com\/web\/wp-content\/uploads\/2024\/04\/Foto-GM-1024x669.jpg 1024w, https:\/\/www.pppaterna.com\/web\/wp-content\/uploads\/2024\/04\/Foto-GM-300x196.jpg 300w, https:\/\/www.pppaterna.com\/web\/wp-content\/uploads\/2024\/04\/Foto-GM-768x502.jpg 768w, https:\/\/www.pppaterna.com\/web\/wp-content\/uploads\/2024\/04\/Foto-GM-1536x1004.jpg 1536w, https:\/\/www.pppaterna.com\/web\/wp-content\/uploads\/2024\/04\/Foto-GM.jpg 1600w\" sizes=\"auto, (max-width: 1024px) 100vw, 1024px\" \/><\/figure>\n\n\n\n<p><\/p>\n\n\n\n<div class=\"wp-block-image\"><figure class=\"alignleft size-large is-resized\"><img loading=\"lazy\" decoding=\"async\" src=\"https:\/\/www.pppaterna.com\/web\/wp-content\/uploads\/2024\/04\/image-11-1024x1024.png\" alt=\"\" class=\"wp-image-850\" width=\"275\" height=\"275\" srcset=\"https:\/\/www.pppaterna.com\/web\/wp-content\/uploads\/2024\/04\/image-11-1024x1024.png 1024w, https:\/\/www.pppaterna.com\/web\/wp-content\/uploads\/2024\/04\/image-11-300x300.png 300w, https:\/\/www.pppaterna.com\/web\/wp-content\/uploads\/2024\/04\/image-11-150x150.png 150w, https:\/\/www.pppaterna.com\/web\/wp-content\/uploads\/2024\/04\/image-11-768x768.png 768w, https:\/\/www.pppaterna.com\/web\/wp-content\/uploads\/2024\/04\/image-11.png 1285w\" sizes=\"auto, (max-width: 275px) 100vw, 275px\" \/><figcaption><strong>1 Sara Palma Folch<\/strong><\/figcaption><\/figure><\/div>\n\n\n\n<div class=\"wp-block-group\"><div class=\"wp-block-group__inner-container is-layout-flow wp-block-group-is-layout-flow\">\n<figure class=\"wp-block-image size-large is-resized\"><img loading=\"lazy\" decoding=\"async\" src=\"https:\/\/www.pppaterna.com\/web\/wp-content\/uploads\/2024\/04\/image-3-1024x1024.png\" alt=\"\" class=\"wp-image-841\" width=\"271\" height=\"271\" srcset=\"https:\/\/www.pppaterna.com\/web\/wp-content\/uploads\/2024\/04\/image-3-1024x1024.png 1024w, https:\/\/www.pppaterna.com\/web\/wp-content\/uploads\/2024\/04\/image-3-300x300.png 300w, https:\/\/www.pppaterna.com\/web\/wp-content\/uploads\/2024\/04\/image-3-150x150.png 150w, https:\/\/www.pppaterna.com\/web\/wp-content\/uploads\/2024\/04\/image-3-768x768.png 768w, https:\/\/www.pppaterna.com\/web\/wp-content\/uploads\/2024\/04\/image-3.png 1289w\" sizes=\"auto, (max-width: 271px) 100vw, 271px\" \/><figcaption><strong>2 Manuel Barreiro N\u00e1cher<\/strong><\/figcaption><\/figure>\n<\/div><\/div>\n\n\n\n<p><\/p>\n\n\n\n<p><\/p>\n\n\n\n<p><\/p>\n\n\n\n<figure class=\"wp-block-image size-large\"><img decoding=\"async\" src=\"blob:https:\/\/www.pppaterna.com\/ffaa81dd-c9df-4d82-8d61-e1ec34d324b2\" alt=\"\"\/><\/figure>\n\n\n\n<div class=\"wp-block-image\"><figure class=\"alignleft size-large is-resized\"><img loading=\"lazy\" decoding=\"async\" src=\"https:\/\/www.pppaterna.com\/web\/wp-content\/uploads\/2024\/04\/image-7-1021x1024.png\" alt=\"\" class=\"wp-image-845\" width=\"253\" height=\"253\" srcset=\"https:\/\/www.pppaterna.com\/web\/wp-content\/uploads\/2024\/04\/image-7-1021x1024.png 1021w, https:\/\/www.pppaterna.com\/web\/wp-content\/uploads\/2024\/04\/image-7-300x300.png 300w, https:\/\/www.pppaterna.com\/web\/wp-content\/uploads\/2024\/04\/image-7-150x150.png 150w, https:\/\/www.pppaterna.com\/web\/wp-content\/uploads\/2024\/04\/image-7-768x770.png 768w, https:\/\/www.pppaterna.com\/web\/wp-content\/uploads\/2024\/04\/image-7.png 1281w\" sizes=\"auto, (max-width: 253px) 100vw, 253px\" \/><figcaption><strong>3 Francisco Sabater Segura<\/strong><\/figcaption><\/figure><\/div>\n\n\n\n<div class=\"wp-block-image\"><figure class=\"alignleft size-large is-resized\"><img loading=\"lazy\" decoding=\"async\" src=\"https:\/\/www.pppaterna.com\/web\/wp-content\/uploads\/2024\/04\/image-8-1024x1024.png\" alt=\"\" class=\"wp-image-846\" width=\"254\" height=\"254\" srcset=\"https:\/\/www.pppaterna.com\/web\/wp-content\/uploads\/2024\/04\/image-8-1024x1024.png 1024w, https:\/\/www.pppaterna.com\/web\/wp-content\/uploads\/2024\/04\/image-8-300x300.png 300w, https:\/\/www.pppaterna.com\/web\/wp-content\/uploads\/2024\/04\/image-8-150x150.png 150w, https:\/\/www.pppaterna.com\/web\/wp-content\/uploads\/2024\/04\/image-8-768x768.png 768w, https:\/\/www.pppaterna.com\/web\/wp-content\/uploads\/2024\/04\/image-8.png 1285w\" sizes=\"auto, (max-width: 254px) 100vw, 254px\" \/><figcaption><strong>4 Julio Casillas Baldr\u00e9s<\/strong><\/figcaption><\/figure><\/div>\n\n\n\n<div class=\"wp-block-image\"><figure class=\"alignleft size-large is-resized\"><img loading=\"lazy\" decoding=\"async\" src=\"https:\/\/www.pppaterna.com\/web\/wp-content\/uploads\/2024\/04\/image-9-1024x1021.png\" alt=\"\" class=\"wp-image-847\" width=\"254\" height=\"253\" srcset=\"https:\/\/www.pppaterna.com\/web\/wp-content\/uploads\/2024\/04\/image-9-1024x1021.png 1024w, https:\/\/www.pppaterna.com\/web\/wp-content\/uploads\/2024\/04\/image-9-300x300.png 300w, https:\/\/www.pppaterna.com\/web\/wp-content\/uploads\/2024\/04\/image-9-150x150.png 150w, https:\/\/www.pppaterna.com\/web\/wp-content\/uploads\/2024\/04\/image-9-768x766.png 768w, https:\/\/www.pppaterna.com\/web\/wp-content\/uploads\/2024\/04\/image-9.png 1287w\" sizes=\"auto, (max-width: 254px) 100vw, 254px\" \/><figcaption><strong>5 Mar\u00eda Jos\u00e9 L\u00f3pez P\u00e9rez<\/strong><\/figcaption><\/figure><\/div>\n\n\n\n<div class=\"wp-block-image\"><figure class=\"alignleft size-large is-resized\"><img loading=\"lazy\" decoding=\"async\" src=\"https:\/\/www.pppaterna.com\/web\/wp-content\/uploads\/2024\/04\/image-10-1024x1021.png\" alt=\"\" class=\"wp-image-848\" width=\"255\" height=\"254\" srcset=\"https:\/\/www.pppaterna.com\/web\/wp-content\/uploads\/2024\/04\/image-10-1024x1021.png 1024w, https:\/\/www.pppaterna.com\/web\/wp-content\/uploads\/2024\/04\/image-10-300x300.png 300w, https:\/\/www.pppaterna.com\/web\/wp-content\/uploads\/2024\/04\/image-10-150x150.png 150w, https:\/\/www.pppaterna.com\/web\/wp-content\/uploads\/2024\/04\/image-10-768x766.png 768w, https:\/\/www.pppaterna.com\/web\/wp-content\/uploads\/2024\/04\/image-10.png 1285w\" sizes=\"auto, (max-width: 255px) 100vw, 255px\" \/><figcaption><strong>6 Jes\u00fas G\u00f3mez S\u00e1nchez<\/strong><\/figcaption><\/figure><\/div>\n","protected":false},"excerpt":{"rendered":"","protected":false},"author":1,"featured_media":0,"parent":0,"menu_order":0,"comment_status":"closed","ping_status":"closed","template":"","meta":{"footnotes":""},"class_list":["post-159","page","type-page","status-publish","hentry"],"_links":{"self":[{"href":"https:\/\/www.pppaterna.com\/web\/index.php\/wp-json\/wp\/v2\/pages\/159","targetHints":{"allow":["GET"]}}],"collection":[{"href":"https:\/\/www.pppaterna.com\/web\/index.php\/wp-json\/wp\/v2\/pages"}],"about":[{"href":"https:\/\/www.pppaterna.com\/web\/index.php\/wp-json\/wp\/v2\/types\/page"}],"author":[{"embeddable":true,"href":"https:\/\/www.pppaterna.com\/web\/index.php\/wp-json\/wp\/v2\/users\/1"}],"replies":[{"embeddable":true,"href":"https:\/\/www.pppaterna.com\/web\/index.php\/wp-json\/wp\/v2\/comments?post=159"}],"version-history":[{"count":13,"href":"https:\/\/www.pppaterna.com\/web\/index.php\/wp-json\/wp\/v2\/pages\/159\/revisions"}],"predecessor-version":[{"id":921,"href":"https:\/\/www.pppaterna.com\/web\/index.php\/wp-json\/wp\/v2\/pages\/159\/revisions\/921"}],"wp:attachment":[{"href":"https:\/\/www.pppaterna.com\/web\/index.php\/wp-json\/wp\/v2\/media?parent=159"}],"curies":[{"name":"wp","href":"https:\/\/api.w.org\/{rel}","templated":true}]}}