{"id":582,"date":"2020-11-20T18:23:54","date_gmt":"2020-11-20T18:23:54","guid":{"rendered":"http:\/\/www.pppaterna.com\/web\/?page_id=582"},"modified":"2025-12-23T10:50:24","modified_gmt":"2025-12-23T09:50:24","slug":"mociones-presentadas-en-la-legislatura","status":"publish","type":"page","link":"https:\/\/www.pppaterna.com\/web\/index.php\/mociones-presentadas-en-la-legislatura\/","title":{"rendered":"Mociones presentadas en la legislatura"},"content":{"rendered":"\n<hr class=\"wp-block-separator has-css-opacity is-style-wide\"\/>\n\n\n\n<h1 class=\"wp-block-heading has-text-align-center has-vivid-cyan-blue-color has-text-color\"><strong>20<\/strong>23<\/h1>\n\n\n\n<hr class=\"wp-block-separator has-css-opacity is-style-wide\"\/>\n\n\n\n<p class=\"has-text-align-center has-vivid-cyan-blue-color has-text-color\"><strong>Septiembre<\/strong><\/p>\n\n\n<a href=\"https:\/\/www.pppaterna.com\/web\/wp-content\/uploads\/2024\/04\/Moci\u00f3n-Bajada-del-IBI.pdf\" class=\"pdfemb-viewer\" style=\"\" data-width=\"max\" data-height=\"max\" data-toolbar=\"bottom\" data-toolbar-fixed=\"off\">Moci\u00f3n-Bajada-del-IBI<\/a>\n<p class=\"wp-block-pdfemb-pdf-embedder-viewer\"><\/p>\n\n\n<a href=\"https:\/\/www.pppaterna.com\/web\/wp-content\/uploads\/2024\/04\/Moci\u00f3n-Amnist\u00eda.pdf\" class=\"pdfemb-viewer\" style=\"\" data-width=\"max\" data-height=\"max\" data-toolbar=\"bottom\" data-toolbar-fixed=\"off\">Moci\u00f3n-Amnist\u00eda<\/a>\n<p class=\"wp-block-pdfemb-pdf-embedder-viewer\"><\/p>\n\n\n\n<p class=\"has-text-align-center has-vivid-cyan-blue-color has-text-color\"><strong>Octubre<\/strong><\/p>\n\n\n<a href=\"https:\/\/www.pppaterna.com\/web\/wp-content\/uploads\/2024\/04\/Moci\u00f3n-Parque-El-Plant\u00edo.pdf\" class=\"pdfemb-viewer\" style=\"\" data-width=\"max\" data-height=\"max\" data-toolbar=\"bottom\" data-toolbar-fixed=\"off\">Moci\u00f3n-Parque-El-Plant\u00edo<\/a>\n<p class=\"wp-block-pdfemb-pdf-embedder-viewer\"><\/p>\n\n\n<a href=\"https:\/\/www.pppaterna.com\/web\/wp-content\/uploads\/2024\/04\/Moci\u00f3n-Voluntarios-refugio.pdf\" class=\"pdfemb-viewer\" style=\"\" data-width=\"max\" data-height=\"max\" data-toolbar=\"bottom\" data-toolbar-fixed=\"off\">Moci\u00f3n-Voluntarios-refugio<\/a>\n<p class=\"wp-block-pdfemb-pdf-embedder-viewer\"><\/p>\n\n\n\n<p class=\"has-text-align-center has-vivid-cyan-blue-color has-text-color\"><strong>Noviembre<\/strong><\/p>\n\n\n<a href=\"https:\/\/www.pppaterna.com\/web\/wp-content\/uploads\/2024\/04\/Moci\u00f3n-Arbolado.pdf\" class=\"pdfemb-viewer\" style=\"\" data-width=\"max\" data-height=\"max\" data-toolbar=\"bottom\" data-toolbar-fixed=\"off\">Moci\u00f3n-Arbolado<\/a>\n<p class=\"wp-block-pdfemb-pdf-embedder-viewer\"><\/p>\n\n\n\n<p class=\"has-text-align-center\"><\/p>\n\n\n\n<hr class=\"wp-block-separator has-css-opacity is-style-wide\"\/>\n\n\n\n<h1 class=\"wp-block-heading has-text-align-center has-vivid-cyan-blue-color has-text-color\">2024<\/h1>\n\n\n\n<p class=\"has-text-align-center has-vivid-cyan-blue-color has-text-color\"><strong>Enero <\/strong><\/p>\n\n\n<a href=\"https:\/\/www.pppaterna.com\/web\/wp-content\/uploads\/2024\/04\/Moci\u00f3n-Patrullas-de-Barrio.pdf\" class=\"pdfemb-viewer\" style=\"\" data-width=\"max\" data-height=\"max\" data-toolbar=\"bottom\" data-toolbar-fixed=\"off\">Moci\u00f3n-Patrullas-de-Barrio<\/a>\n<p class=\"wp-block-pdfemb-pdf-embedder-viewer\"><\/p>\n\n\n\n<p class=\"has-text-align-center has-vivid-cyan-blue-color has-text-color\"><strong>Febrero<\/strong><\/p>\n\n\n<a href=\"https:\/\/www.pppaterna.com\/web\/wp-content\/uploads\/2024\/04\/Moci\u00f3n-Okupaci\u00f3n.pdf\" class=\"pdfemb-viewer\" style=\"\" data-width=\"max\" data-height=\"max\" data-toolbar=\"bottom\" data-toolbar-fixed=\"off\">Moci\u00f3n-Okupaci\u00f3n<\/a>\n<p class=\"wp-block-pdfemb-pdf-embedder-viewer\"><\/p>\n\n\n<a href=\"https:\/\/www.pppaterna.com\/web\/wp-content\/uploads\/2024\/04\/MOCION-PARA-SOLICITAR-AUMENTO-DE-PRESENCIA-POLICIAL-EN-MAS-DEL-ROSARI-Y-MAYOR-SEGURIDAD.pdf\" class=\"pdfemb-viewer\" style=\"\" data-width=\"max\" data-height=\"max\" data-toolbar=\"bottom\" data-toolbar-fixed=\"off\">MOCION-PARA-SOLICITAR-AUMENTO-DE-PRESENCIA-POLICIAL-EN-MAS-DEL-ROSARI-Y-MAYOR-SEGURIDAD<\/a>\n<p class=\"wp-block-pdfemb-pdf-embedder-viewer\"><\/p>\n\n\n\n<p class=\"has-text-align-center has-vivid-cyan-blue-color has-text-color\"><strong>Marzo<\/strong><\/p>\n\n\n<a href=\"https:\/\/www.pppaterna.com\/web\/wp-content\/uploads\/2024\/04\/Moci\u00f3n-Premios-Comercio-en-Paterna-Ciudad-de-Empresas.pdf\" class=\"pdfemb-viewer\" style=\"\" data-width=\"max\" data-height=\"max\" data-toolbar=\"bottom\" data-toolbar-fixed=\"off\">Moci\u00f3n-Premios-Comercio-en-Paterna-Ciudad-de-Empresas<\/a>\n<p class=\"wp-block-pdfemb-pdf-embedder-viewer\"><\/p>\n\n\n\n<p class=\"has-text-align-center has-vivid-cyan-blue-color has-text-color\"><strong>Abril<\/strong><\/p>\n\n\n<a href=\"https:\/\/www.pppaterna.com\/web\/wp-content\/uploads\/2024\/04\/Moci\u00f3n-Jardiner\u00eda-La-Ca\u00f1ada-Abril-2024.pdf\" class=\"pdfemb-viewer\" style=\"\" data-width=\"max\" data-height=\"max\" data-toolbar=\"bottom\" data-toolbar-fixed=\"off\">Moci\u00f3n-Jardiner\u00eda-La-Ca\u00f1ada-Abril-2024<\/a>\n<p class=\"wp-block-pdfemb-pdf-embedder-viewer\"><\/p>\n\n\n\n<p class=\"has-text-align-center\"><\/p>\n\n\n\n<p class=\"has-text-align-center has-vivid-cyan-blue-color has-text-color\"><strong>Mayo<\/strong><\/p>\n\n\n<a href=\"https:\/\/www.pppaterna.com\/web\/wp-content\/uploads\/2024\/05\/Moci\u00f3n-Aparcamiento-Campamento.pdf\" class=\"pdfemb-viewer\" style=\"\" data-width=\"max\" data-height=\"max\" data-toolbar=\"bottom\" data-toolbar-fixed=\"off\">Moci\u00f3n-Aparcamiento-Campamento<\/a>\n<p class=\"wp-block-pdfemb-pdf-embedder-viewer\"><\/p>\n\n\n\n<p class=\"has-text-align-center has-vivid-cyan-blue-color has-text-color\"><strong>Junio<\/strong><\/p>\n\n\n<a href=\"https:\/\/www.pppaterna.com\/web\/wp-content\/uploads\/2024\/07\/Moci\u00f3n-Plan-Vive.pdf\" class=\"pdfemb-viewer\" style=\"\" data-width=\"max\" data-height=\"max\" data-toolbar=\"bottom\" data-toolbar-fixed=\"off\">Moci\u00f3n-Plan-Vive<\/a>\n<p class=\"wp-block-pdfemb-pdf-embedder-viewer\"><\/p>\n\n\n\n<h3 class=\"wp-block-heading has-text-align-center\"><mark style=\"background-color:rgba(0, 0, 0, 0)\" class=\"has-inline-color has-vivid-cyan-blue-color\"><strong>Julio<\/strong><\/mark><\/h3>\n\n\n<a href=\"https:\/\/www.pppaterna.com\/web\/wp-content\/uploads\/2025\/12\/julio.pdf\" class=\"pdfemb-viewer\" style=\"\" data-width=\"max\" data-height=\"max\" data-toolbar=\"bottom\" data-toolbar-fixed=\"off\">julio<\/a>\n\n\n<h3 class=\"wp-block-heading has-text-align-center\"><strong><mark style=\"background-color:rgba(0, 0, 0, 0)\" class=\"has-inline-color has-vivid-cyan-blue-color\">Septiembre<\/mark><\/strong><\/h3>\n\n\n<a href=\"https:\/\/www.pppaterna.com\/web\/wp-content\/uploads\/2025\/12\/Mocion-Parque-la-pinada-La-Canada.-septiembre.pdf\" class=\"pdfemb-viewer\" style=\"\" data-width=\"max\" data-height=\"max\" data-toolbar=\"bottom\" data-toolbar-fixed=\"off\">Mocion-Parque-la-pinada-La-Canada.-septiembre<\/a>\n\n\n<h3 class=\"wp-block-heading has-text-align-center\"><strong><mark style=\"background-color:rgba(0, 0, 0, 0)\" class=\"has-inline-color has-vivid-cyan-blue-color\">Octubre<\/mark><\/strong><\/h3>\n\n\n<a href=\"https:\/\/www.pppaterna.com\/web\/wp-content\/uploads\/2025\/12\/Mocion-Peatonalizacion-octubre-24.pdf\" class=\"pdfemb-viewer\" style=\"\" data-width=\"max\" data-height=\"max\" data-toolbar=\"bottom\" data-toolbar-fixed=\"off\">Mocion-Peatonalizacion-octubre-24<\/a>\n\n\n<h3 class=\"wp-block-heading has-text-align-center\"><mark style=\"background-color:rgba(0, 0, 0, 0)\" class=\"has-inline-color has-vivid-cyan-blue-color\"><strong>Noviembre<\/strong><\/mark><\/h3>\n\n\n<a href=\"https:\/\/www.pppaterna.com\/web\/wp-content\/uploads\/2025\/12\/limpieza-grafitis-noviembre.pdf\" class=\"pdfemb-viewer\" style=\"\" data-width=\"max\" data-height=\"max\" data-toolbar=\"bottom\" data-toolbar-fixed=\"off\">limpieza-grafitis-noviembre<\/a>\n\n<a href=\"https:\/\/www.pppaterna.com\/web\/wp-content\/uploads\/2025\/12\/camaras-de-seguridad-noviembre.pdf\" class=\"pdfemb-viewer\" style=\"\" data-width=\"max\" data-height=\"max\" data-toolbar=\"bottom\" data-toolbar-fixed=\"off\">camaras-de-seguridad-noviembre<\/a>\n\n\n<h3 class=\"wp-block-heading has-text-align-center\"><mark style=\"background-color:rgba(0, 0, 0, 0)\" class=\"has-inline-color has-vivid-cyan-blue-color\"><strong>Diciembre<\/strong><\/mark><\/h3>\n\n\n<a href=\"https:\/\/www.pppaterna.com\/web\/wp-content\/uploads\/2025\/12\/diciembre.pdf\" class=\"pdfemb-viewer\" style=\"\" data-width=\"max\" data-height=\"max\" data-toolbar=\"bottom\" data-toolbar-fixed=\"off\">diciembre<\/a>\n\n\n<h1 class=\"wp-block-heading has-text-align-center\"><mark style=\"background-color:rgba(0, 0, 0, 0)\" class=\"has-inline-color has-vivid-cyan-blue-color\">2.025<\/mark><\/h1>\n\n\n\n<h3 class=\"wp-block-heading has-text-align-center\"><mark style=\"background-color:rgba(0, 0, 0, 0)\" class=\"has-inline-color has-vivid-cyan-blue-color\">Enero<\/mark><\/h3>\n\n\n<a href=\"https:\/\/www.pppaterna.com\/web\/wp-content\/uploads\/2025\/12\/recinto-ferial-enero-1.pdf\" class=\"pdfemb-viewer\" style=\"\" data-width=\"max\" data-height=\"max\" data-toolbar=\"bottom\" data-toolbar-fixed=\"off\">recinto-ferial-enero-1<\/a>","protected":false},"excerpt":{"rendered":"<p>2023 Septiembre Octubre Noviembre 2024 Enero Febrero Marzo Abril Mayo Junio Julio Septiembre Octubre Noviembre Diciembre 2.025 Enero<\/p>\n","protected":false},"author":1,"featured_media":0,"parent":0,"menu_order":0,"comment_status":"closed","ping_status":"closed","template":"","meta":{"footnotes":""},"class_list":["post-582","page","type-page","status-publish","hentry"],"_links":{"self":[{"href":"https:\/\/www.pppaterna.com\/web\/index.php\/wp-json\/wp\/v2\/pages\/582","targetHints":{"allow":["GET"]}}],"collection":[{"href":"https:\/\/www.pppaterna.com\/web\/index.php\/wp-json\/wp\/v2\/pages"}],"about":[{"href":"https:\/\/www.pppaterna.com\/web\/index.php\/wp-json\/wp\/v2\/types\/page"}],"author":[{"embeddable":true,"href":"https:\/\/www.pppaterna.com\/web\/index.php\/wp-json\/wp\/v2\/users\/1"}],"replies":[{"embeddable":true,"href":"https:\/\/www.pppaterna.com\/web\/index.php\/wp-json\/wp\/v2\/comments?post=582"}],"version-history":[{"count":30,"href":"https:\/\/www.pppaterna.com\/web\/index.php\/wp-json\/wp\/v2\/pages\/582\/revisions"}],"predecessor-version":[{"id":1155,"href":"https:\/\/www.pppaterna.com\/web\/index.php\/wp-json\/wp\/v2\/pages\/582\/revisions\/1155"}],"wp:attachment":[{"href":"https:\/\/www.pppaterna.com\/web\/index.php\/wp-json\/wp\/v2\/media?parent=582"}],"curies":[{"name":"wp","href":"https:\/\/api.w.org\/{rel}","templated":true}]}}